{"id":75,"date":"2017-02-11T12:09:50","date_gmt":"2017-02-11T12:09:50","guid":{"rendered":"http:\/\/calismasi.com\/baktursite\/?page_id=75"},"modified":"2019-06-21T00:23:41","modified_gmt":"2019-06-20T21:23:41","slug":"referanslar","status":"publish","type":"page","link":"https:\/\/bak-tur.com\/home\/referanslar\/","title":{"rendered":"REFERANSLAR"},"content":{"rendered":"<ul>\n<li>Adalar Tar\u0131m M\u00fcd\u00fcrl\u00fc\u011f\u00fc Adalar-\u0130stanbul<\/li>\n<li>Besila A.\u015e<\/li>\n<li>Carya Belek-Antalya<\/li>\n<li>\u00c7anakkale B\u00fcy\u00fck\u015fehir Belediyesi<\/li>\n<li>\u00c7ay\u0131rova Belediyesi<\/li>\n<li>Eski\u015fehir B\u00fcy\u00fck\u015fehir Belediyesi<\/li>\n<li>Eski\u015fehir Tepeba\u015f\u0131 Belediyesi<\/li>\n<li>Expo 2016 Antalya<\/li>\n<li>Global End\u00fcstriyel<\/li>\n<li>Golf International<\/li>\n<li>G\u00fcm\u00fc\u015fhane Belediyesi<\/li>\n<li>Hatay B\u00fcy\u00fck\u015fehir Belediyesi<\/li>\n<li>Hedef \u0130thalat \u0130ihracat<\/li>\n<li>\u0130stanbul B\u00fcy\u00fck\u015fehir Belediyesi \u0130stanbul<\/li>\n<li>\u0130stanbul \u0130tfaiye M\u00fcd\u00fcrl\u00fc\u011f\u00fc \u0130stanbul<\/li>\n<li>\u0130skenderun Belediyesi<\/li>\n<li>\u0130zmir B\u00fcy\u00fck\u015fehir Belediyesi<\/li>\n<li>\u0130zsu Kocaeli<\/li>\n<li>Kahramanmara\u015f Oniki\u015fubat Belediyesi<\/li>\n<li>Konya B\u00fcy\u00fck\u015fehir Belediyesi Konya<\/li>\n<li>K\u0131r\u015fehir Belediyesi Park ve Bah\u00e7eler M\u00fcd\u00fcrl\u00fc\u011f\u00fc<\/li>\n<li>Maxx Royal Belek-Antalya<\/li>\n<li>Mersin B\u00fcy\u00fck\u015fehir Belediyesi<\/li>\n<li>Milli Saraylar<\/li>\n<li>Mirage Park Resort Kemer \u2013 Antalya<\/li>\n<li>Ordu B\u00fcy\u00fck\u015fehir Belediyesi<\/li>\n<li>Palmiye Evler Sitesi Etimesgut Ankara<\/li>\n<li>Rixos Land of Legends Belek-Antalya<\/li>\n<li>Side Premium Hotel Antalya<\/li>\n<li>Sueno Belek-Antalya<\/li>\n<li>Tuzla Belediyesi<\/li>\n<li>Uzba\u015f Tar\u0131m- Urla<\/li>\n<\/ul>\n","protected":false},"excerpt":{"rendered":"<p>Adalar Tar\u0131m M\u00fcd\u00fcrl\u00fc\u011f\u00fc Adalar-\u0130stanbul Besila A.\u015e Carya Belek-Antalya \u00c7anakkale B\u00fcy\u00fck\u015fehir Belediyesi \u00c7ay\u0131rova Belediyesi Eski\u015fehir B\u00fcy\u00fck\u015fehir Belediyesi Eski\u015fehir Tepeba\u015f\u0131 Belediyesi Expo 2016 Antalya Global End\u00fcstriyel Golf International G\u00fcm\u00fc\u015fhane Belediyesi Hatay B\u00fcy\u00fck\u015fehir Belediyesi Hedef \u0130thalat \u0130ihracat \u0130stanbul B\u00fcy\u00fck\u015fehir Belediyesi \u0130stanbul \u0130stanbul \u0130tfaiye M\u00fcd\u00fcrl\u00fc\u011f\u00fc \u0130stanbul \u0130skenderun Belediyesi \u0130zmir B\u00fcy\u00fck\u015fehir Belediyesi \u0130zsu Kocaeli Kahramanmara\u015f Oniki\u015fubat Belediyesi Konya B\u00fcy\u00fck\u015fehir Belediyesi&#8230; <\/p>\n","protected":false},"author":1,"featured_media":0,"parent":0,"menu_order":0,"comment_status":"closed","ping_status":"closed","template":"","meta":{"footnotes":"","_links_to":"","_links_to_target":""},"categories":[],"tags":[],"class_list":["post-75","page","type-page","status-publish","hentry"],"_links":{"self":[{"href":"https:\/\/bak-tur.com\/home\/wp-json\/wp\/v2\/pages\/75","targetHints":{"allow":["GET"]}}],"collection":[{"href":"https:\/\/bak-tur.com\/home\/wp-json\/wp\/v2\/pages"}],"about":[{"href":"https:\/\/bak-tur.com\/home\/wp-json\/wp\/v2\/types\/page"}],"author":[{"embeddable":true,"href":"https:\/\/bak-tur.com\/home\/wp-json\/wp\/v2\/users\/1"}],"replies":[{"embeddable":true,"href":"https:\/\/bak-tur.com\/home\/wp-json\/wp\/v2\/comments?post=75"}],"version-history":[{"count":14,"href":"https:\/\/bak-tur.com\/home\/wp-json\/wp\/v2\/pages\/75\/revisions"}],"predecessor-version":[{"id":2169,"href":"https:\/\/bak-tur.com\/home\/wp-json\/wp\/v2\/pages\/75\/revisions\/2169"}],"wp:attachment":[{"href":"https:\/\/bak-tur.com\/home\/wp-json\/wp\/v2\/media?parent=75"}],"wp:term":[{"taxonomy":"category","embeddable":true,"href":"https:\/\/bak-tur.com\/home\/wp-json\/wp\/v2\/categories?post=75"},{"taxonomy":"post_tag","embeddable":true,"href":"https:\/\/bak-tur.com\/home\/wp-json\/wp\/v2\/tags?post=75"}],"curies":[{"name":"wp","href":"https:\/\/api.w.org\/{rel}","templated":true}]}}