{"id":1157,"date":"2017-10-03T14:03:48","date_gmt":"2017-10-03T11:03:48","guid":{"rendered":"http:\/\/bak-tur.com\/home\/?post_type=product&#038;p=1157"},"modified":"2024-11-11T06:58:20","modified_gmt":"2024-11-11T03:58:20","slug":"citygo-c60-golf-araci","status":"publish","type":"product","link":"https:\/\/bak-tur.com\/home\/product\/citygo-c60-golf-araci\/","title":{"rendered":"C60 Golf Arac\u0131"},"content":{"rendered":"<p>Ara\u00e7 \u00dcst\u00fc \u015earj Cihaz\u0131<br \/>\nAk\u00fc Seviye G\u00f6stergesi<br \/>\nArka Kasa<br \/>\n\u00d6n far, stop, korna, sinyal, DC konvert\u00f6r paketi<br \/>\nAyna paketi (Sa\u011f-sol)<br \/>\n\u00dcst tente<br \/>\nKatlanabilir tip \u00f6n cam<br \/>\nAl\u00fcminyum Ala\u015f\u0131ml\u0131 Geni\u015f Tip Jant\/Lastik paketi<br \/>\nYa\u011fmurluk (Opsiyonel)<br \/>\nAC Sistem&nbsp;(Opsiyonel)<\/p>\n","protected":false},"excerpt":{"rendered":"<p><strong>TEKN\u0130K \u00d6ZELL\u0130KLER<\/strong> :<\/p>\n<p><strong>KAPAS\u0130TE<\/strong>&nbsp;&nbsp;&nbsp;&nbsp;&nbsp;&nbsp;&nbsp;&nbsp;&nbsp;&nbsp;&nbsp;&nbsp;&nbsp;&nbsp;&nbsp;&nbsp;&nbsp;&nbsp;&nbsp;&nbsp;&nbsp;&nbsp;&nbsp;&nbsp;&nbsp;&nbsp;&nbsp;&nbsp;&nbsp;&nbsp;&nbsp;&nbsp;&nbsp;&nbsp;&nbsp;&nbsp;&nbsp;&nbsp; : 6 ki\u015filik<br \/>\n<strong>MOTOR&nbsp;&nbsp;&nbsp;&nbsp;&nbsp;&nbsp;&nbsp;&nbsp;&nbsp;&nbsp;&nbsp;&nbsp;&nbsp;&nbsp;&nbsp;&nbsp;&nbsp;&nbsp;&nbsp;&nbsp;&nbsp;&nbsp;&nbsp;&nbsp;&nbsp;&nbsp;&nbsp;&nbsp;&nbsp;&nbsp;&nbsp;&nbsp;&nbsp; &nbsp;&nbsp;&nbsp;&nbsp;&nbsp;&nbsp;&nbsp;&nbsp;: <\/strong>5,3 kw, 48 V motor<br \/>\n<strong>AK\u00dcLER&nbsp;&nbsp;&nbsp;&nbsp;&nbsp;&nbsp;&nbsp;&nbsp;&nbsp;&nbsp;&nbsp;&nbsp;&nbsp;&nbsp;&nbsp;&nbsp;&nbsp;&nbsp;&nbsp;&nbsp;&nbsp;&nbsp;&nbsp;&nbsp;&nbsp;&nbsp;&nbsp;&nbsp;&nbsp;&nbsp;&nbsp;&nbsp;&nbsp;&nbsp;&nbsp;&nbsp;&nbsp;&nbsp;&nbsp;&nbsp;&nbsp;&nbsp; : <\/strong>8 adet 6V jel ak\u00fc<br \/>\n<strong>KONTROL KARTI<\/strong>&nbsp;&nbsp;&nbsp;&nbsp;&nbsp;&nbsp;&nbsp;&nbsp;&nbsp;&nbsp;&nbsp;&nbsp;&nbsp;&nbsp;&nbsp;&nbsp;&nbsp;&nbsp;&nbsp;&nbsp;&nbsp;&nbsp;&nbsp;&nbsp;&nbsp;&nbsp;&nbsp; : 400 Amper kontrol kart\u0131<br \/>\n<strong>\u015eARJ ALET\u0130&nbsp;&nbsp;&nbsp;&nbsp;&nbsp;&nbsp;&nbsp;&nbsp;&nbsp;&nbsp;&nbsp;&nbsp;&nbsp;&nbsp;&nbsp;&nbsp;&nbsp;&nbsp;&nbsp;&nbsp;&nbsp;&nbsp;&nbsp;&nbsp;&nbsp;&nbsp;&nbsp;&nbsp;&nbsp;&nbsp;&nbsp;&nbsp;&nbsp;&nbsp;&nbsp;&nbsp;&nbsp; : <\/strong>20 Amper dahili \u015farj aleti, su ge\u00e7irmez al\u00fcminyum<br \/>\n<strong>\u00dcST TENTE&nbsp;&nbsp;&nbsp;&nbsp;&nbsp;&nbsp;&nbsp;&nbsp;&nbsp;&nbsp;&nbsp;&nbsp;&nbsp;&nbsp;&nbsp;&nbsp;&nbsp;&nbsp;&nbsp;&nbsp;&nbsp;&nbsp;&nbsp;&nbsp;&nbsp;&nbsp;&nbsp;&nbsp;&nbsp;&nbsp;&nbsp;&nbsp;&nbsp;&nbsp;&nbsp;&nbsp;&nbsp; : <\/strong>Enjeksiyon kaynakl\u0131 TPO<br \/>\n<strong>FRENLER&nbsp;&nbsp;&nbsp;&nbsp;&nbsp;&nbsp;&nbsp;&nbsp;&nbsp;&nbsp;&nbsp;&nbsp;&nbsp;&nbsp;&nbsp;&nbsp;&nbsp;&nbsp;&nbsp;&nbsp;&nbsp;&nbsp;&nbsp;&nbsp;&nbsp;&nbsp;&nbsp;&nbsp;&nbsp;&nbsp;&nbsp;&nbsp;&nbsp;&nbsp;&nbsp;&nbsp;&nbsp;&nbsp;&nbsp;&nbsp;&nbsp; : <\/strong>Mekanik bask\u0131l\u0131 arka fren<br \/>\n<strong>\u00d6N CAM&nbsp;&nbsp;&nbsp;&nbsp;&nbsp;&nbsp;&nbsp;&nbsp;&nbsp;&nbsp;&nbsp;&nbsp;&nbsp;&nbsp;&nbsp;&nbsp;&nbsp;&nbsp;&nbsp;&nbsp;&nbsp;&nbsp;&nbsp;&nbsp;&nbsp;&nbsp;&nbsp;&nbsp;&nbsp;&nbsp;&nbsp;&nbsp;&nbsp;&nbsp;&nbsp;&nbsp;&nbsp;&nbsp;&nbsp;&nbsp;&nbsp; : <\/strong>Katlan\u0131r tip<br \/>\n<strong>\u00d6N VE ARKA AYDINLAMA&nbsp;&nbsp;&nbsp;&nbsp;&nbsp;&nbsp;&nbsp;&nbsp;&nbsp; &nbsp;: <\/strong>Standart ayd\u0131nlatma paketi<br \/>\n<strong>S\u00dcSPANS\u0130YON&nbsp;&nbsp;&nbsp;&nbsp;&nbsp;&nbsp;&nbsp;&nbsp;&nbsp;&nbsp;&nbsp;&nbsp;&nbsp;&nbsp;&nbsp;&nbsp;&nbsp;&nbsp;&nbsp;&nbsp;&nbsp;&nbsp;&nbsp;&nbsp;&nbsp;&nbsp;&nbsp;&nbsp;&nbsp;&nbsp; : <\/strong>\u0130ki kolu ba\u011f\u0131ms\u0131z s\u00fcspansiyon<br \/>\n<strong>G\u00d6STERGELER&nbsp;&nbsp;&nbsp;&nbsp;&nbsp;&nbsp;&nbsp;&nbsp;&nbsp;&nbsp;&nbsp;&nbsp;&nbsp;&nbsp;&nbsp;&nbsp;&nbsp;&nbsp;&nbsp;&nbsp;&nbsp;&nbsp;&nbsp;&nbsp;&nbsp;&nbsp;&nbsp;&nbsp;&nbsp;&nbsp; : <\/strong>Ak\u00fc seviye g\u00f6stergesi<br \/>\n<strong>G\u00d6VDE \/ \u015eAS\u0130&nbsp;&nbsp;&nbsp;&nbsp;&nbsp;&nbsp;&nbsp;&nbsp;&nbsp;&nbsp;&nbsp;&nbsp;&nbsp;&nbsp;&nbsp;&nbsp;&nbsp;&nbsp;&nbsp;&nbsp;&nbsp;&nbsp;&nbsp;&nbsp;&nbsp;&nbsp;&nbsp;&nbsp;&nbsp;&nbsp; : <\/strong>Galvanizli \u00e7elik \u015fasi<br \/>\n<strong>KAPORTA&nbsp;&nbsp;&nbsp;&nbsp;&nbsp;&nbsp;&nbsp;&nbsp;&nbsp;&nbsp;&nbsp;&nbsp;&nbsp;&nbsp;&nbsp;&nbsp;&nbsp;&nbsp;&nbsp;&nbsp;&nbsp;&nbsp;&nbsp;&nbsp;&nbsp;&nbsp;&nbsp;&nbsp;&nbsp;&nbsp;&nbsp;&nbsp;&nbsp;&nbsp;&nbsp;&nbsp;&nbsp;&nbsp; : <\/strong>Enjeksiyon kaynakl\u0131 TPO<br \/>\n<strong>ARA\u00c7 \u00d6L\u00c7\u00dcLER\u0130&nbsp;&nbsp;&nbsp;&nbsp;&nbsp;&nbsp;&nbsp;&nbsp;&nbsp;&nbsp;&nbsp;&nbsp;&nbsp;&nbsp;&nbsp;&nbsp;&nbsp;&nbsp;&nbsp;&nbsp;&nbsp;&nbsp;&nbsp;&nbsp;&nbsp;&nbsp;&nbsp; : <\/strong>490 x 118 x 178 cm<br \/>\n<strong>ARA\u00c7 GARANT\u0130S\u0130&nbsp;&nbsp;&nbsp;&nbsp;&nbsp;&nbsp;&nbsp;&nbsp;&nbsp;&nbsp;&nbsp;&nbsp;&nbsp;&nbsp;&nbsp;&nbsp;&nbsp;&nbsp;&nbsp;&nbsp;&nbsp;&nbsp;&nbsp;&nbsp; : <\/strong>2 Y\u0131l<\/p>\n","protected":false},"featured_media":1152,"comment_status":"open","ping_status":"closed","template":"","meta":{"_links_to":"","_links_to_target":""},"pwb-brand":[104],"product_brand":[],"product_cat":[116],"product_tag":[],"class_list":{"0":"post-1157","1":"product","2":"type-product","3":"status-publish","4":"has-post-thumbnail","6":"pwb-brand-citygo","7":"product_cat-golf-ve-genel-hizmet-arabalari","9":"first","10":"instock","11":"shipping-taxable","12":"product-type-simple"},"brands":[{"id":104,"name":"Citygo","slug":"citygo"}],"_links":{"self":[{"href":"https:\/\/bak-tur.com\/home\/wp-json\/wp\/v2\/product\/1157","targetHints":{"allow":["GET"]}}],"collection":[{"href":"https:\/\/bak-tur.com\/home\/wp-json\/wp\/v2\/product"}],"about":[{"href":"https:\/\/bak-tur.com\/home\/wp-json\/wp\/v2\/types\/product"}],"replies":[{"embeddable":true,"href":"https:\/\/bak-tur.com\/home\/wp-json\/wp\/v2\/comments?post=1157"}],"wp:featuredmedia":[{"embeddable":true,"href":"https:\/\/bak-tur.com\/home\/wp-json\/wp\/v2\/media\/1152"}],"wp:attachment":[{"href":"https:\/\/bak-tur.com\/home\/wp-json\/wp\/v2\/media?parent=1157"}],"wp:term":[{"taxonomy":"pwb-brand","embeddable":true,"href":"https:\/\/bak-tur.com\/home\/wp-json\/wp\/v2\/pwb-brand?post=1157"},{"taxonomy":"product_brand","embeddable":true,"href":"https:\/\/bak-tur.com\/home\/wp-json\/wp\/v2\/product_brand?post=1157"},{"taxonomy":"product_cat","embeddable":true,"href":"https:\/\/bak-tur.com\/home\/wp-json\/wp\/v2\/product_cat?post=1157"},{"taxonomy":"product_tag","embeddable":true,"href":"https:\/\/bak-tur.com\/home\/wp-json\/wp\/v2\/product_tag?post=1157"}],"curies":[{"name":"wp","href":"https:\/\/api.w.org\/{rel}","templated":true}]}}