{"id":1187,"date":"2017-10-04T03:52:57","date_gmt":"2017-10-04T00:52:57","guid":{"rendered":"http:\/\/bak-tur.com\/home\/?post_type=product&#038;p=1187"},"modified":"2025-03-22T20:59:55","modified_gmt":"2025-03-22T17:59:55","slug":"ta-17de-split-drive-cim-havalandirma-makinesi","status":"publish","type":"product","link":"https:\/\/bak-tur.com\/home\/product\/ta-17de-split-drive-cim-havalandirma-makinesi\/","title":{"rendered":"TA-17DE Split Drive \u00c7im Havaland\u0131rma Makinesi"},"content":{"rendered":"<p>\u0130yi bir k\u00f6k havaland\u0131rmas\u0131yla sertle\u015fmi\u015f zemin yumu\u015fat\u0131lmas\u0131 ve hava sirk\u00fclasyonu sa\u011flar. Su ve hava \u00e7im k\u00f6k b\u00f6lgesine yeterince giremez, \u00e7im k\u00f6kleri geli\u015fmez ve \u00e7im y\u00fczeyi zay\u0131flar. Bu nedenle \u00e7im dokusunun beslenmesi ve sulanmas\u0131 kadar havaland\u0131r\u0131lmas\u0131 da gerekmektedir. B\u00f6ylelikte k\u00f6kte su emilimi, mineral ve g\u00fcbre al\u0131m\u0131 kolayla\u015f\u0131r.<\/p>\n","protected":false},"excerpt":{"rendered":"<p><strong>TEKN\u0130K \u00d6ZELL\u0130KLER\u0130<\/strong>:<\/p>\n<p><strong>MARKA VE MODEL<\/strong>:&nbsp; Classen Split Drive Aerator<br \/>\n<strong>MOTOR<\/strong>: 4 hp Honda GX120 benzinli motor<br \/>\n<strong>HAVALANDIRMA DER\u0130NL\u0130\u011e\u0130<\/strong>: 7 cm\u2019e kadar<br \/>\n<strong>HAVALANDIRMA BI\u00c7A\u011eI<\/strong>: 24 adet b\u0131\u00e7ak<br \/>\n<strong>YAKLA\u015eIK<\/strong> 1.196 m2\/ saat kapasite<br \/>\n<strong>TAMBUR<\/strong>: 25 litre \u00f6n poly tambur<br \/>\n<strong>\u00d6L\u00c7\u00dcLER<\/strong>: 76 x 127 x 123 cm (ExBXY)<br \/>\n<strong>A\u011eIRLIK<\/strong>: Bo\u015f tank 128 kg, dolu tank 146 kg.<\/p>\n","protected":false},"featured_media":1188,"comment_status":"open","ping_status":"closed","template":"","meta":{"_links_to":"","_links_to_target":""},"pwb-brand":[103],"product_brand":[],"product_cat":[126],"product_tag":[],"class_list":{"0":"post-1187","1":"product","2":"type-product","3":"status-publish","4":"has-post-thumbnail","6":"pwb-brand-classen","7":"product_cat-cim-havalandirma-makineleri","9":"first","10":"instock","11":"shipping-taxable","12":"product-type-simple"},"brands":[{"id":103,"name":"Classen","slug":"classen"}],"_links":{"self":[{"href":"https:\/\/bak-tur.com\/home\/wp-json\/wp\/v2\/product\/1187","targetHints":{"allow":["GET"]}}],"collection":[{"href":"https:\/\/bak-tur.com\/home\/wp-json\/wp\/v2\/product"}],"about":[{"href":"https:\/\/bak-tur.com\/home\/wp-json\/wp\/v2\/types\/product"}],"replies":[{"embeddable":true,"href":"https:\/\/bak-tur.com\/home\/wp-json\/wp\/v2\/comments?post=1187"}],"wp:featuredmedia":[{"embeddable":true,"href":"https:\/\/bak-tur.com\/home\/wp-json\/wp\/v2\/media\/1188"}],"wp:attachment":[{"href":"https:\/\/bak-tur.com\/home\/wp-json\/wp\/v2\/media?parent=1187"}],"wp:term":[{"taxonomy":"pwb-brand","embeddable":true,"href":"https:\/\/bak-tur.com\/home\/wp-json\/wp\/v2\/pwb-brand?post=1187"},{"taxonomy":"product_brand","embeddable":true,"href":"https:\/\/bak-tur.com\/home\/wp-json\/wp\/v2\/product_brand?post=1187"},{"taxonomy":"product_cat","embeddable":true,"href":"https:\/\/bak-tur.com\/home\/wp-json\/wp\/v2\/product_cat?post=1187"},{"taxonomy":"product_tag","embeddable":true,"href":"https:\/\/bak-tur.com\/home\/wp-json\/wp\/v2\/product_tag?post=1187"}],"curies":[{"name":"wp","href":"https:\/\/api.w.org\/{rel}","templated":true}]}}