{"id":1211,"date":"2017-10-04T04:50:50","date_gmt":"2017-10-04T01:50:50","guid":{"rendered":"http:\/\/bak-tur.com\/home\/?post_type=product&#038;p=1211"},"modified":"2026-04-22T10:45:00","modified_gmt":"2026-04-22T07:45:00","slug":"trs-20he-verticut-makinasi","status":"publish","type":"product","link":"https:\/\/bak-tur.com\/home\/product\/trs-20he-verticut-makinasi\/","title":{"rendered":"TRS-20HE Verticut Makinas\u0131"},"content":{"rendered":"","protected":false},"excerpt":{"rendered":"<p><strong>TEKN\u0130K \u00d6ZELL\u0130KLER\u0130:<br \/>\n<\/strong><strong>MOTOR: &nbsp;&nbsp;&nbsp;&nbsp;&nbsp;&nbsp;&nbsp;&nbsp;&nbsp;&nbsp;&nbsp;&nbsp;&nbsp;&nbsp;&nbsp;&nbsp;&nbsp;&nbsp;&nbsp;&nbsp;&nbsp;&nbsp;&nbsp;&nbsp;&nbsp;&nbsp;&nbsp;&nbsp;<\/strong>5,5 hp Honda GX160 benzinli motor<br \/>\n<strong>\u0130\u015e GEN\u0130\u015eL\u0130\u011e\u0130<\/strong>: &nbsp;&nbsp;&nbsp;&nbsp;&nbsp;&nbsp;&nbsp;&nbsp;&nbsp;&nbsp;&nbsp;&nbsp;&nbsp;&nbsp;&nbsp;&nbsp;&nbsp;&nbsp;51 cm<br \/>\n<strong>KES\u0130M DER\u0130NL\u0130\u011e\u0130<\/strong>: &nbsp;&nbsp;&nbsp;&nbsp;&nbsp;&nbsp;&nbsp;&nbsp;20 mm kadar<br \/>\n<strong>\u015eanzumanl\u0131 s\u00fcr\u00fc\u015f sistemi.<br \/>\n<\/strong><strong>\u00dcst tohumlama ekipman\u0131 tak\u0131labilme \u00f6zelli\u011fi.<br \/>\n<\/strong><strong>Tek noktadan ayarlanabilir 5 y\u00fckseklik pozisyonu.<br \/>\n<\/strong><strong>BI\u00c7AK<\/strong>: &nbsp;&nbsp;&nbsp;&nbsp;&nbsp;&nbsp;&nbsp;&nbsp;&nbsp;&nbsp;&nbsp;&nbsp;&nbsp;&nbsp;&nbsp;&nbsp;&nbsp;&nbsp;&nbsp;&nbsp;&nbsp;&nbsp;&nbsp;&nbsp;&nbsp;&nbsp;&nbsp;&nbsp;&nbsp;&nbsp;&nbsp;28 adet \u00e7apmal\u0131 (flail) b\u0131\u00e7ak.<br \/>\n<strong>BI\u00c7AK ARALI\u011eI<\/strong>: &nbsp;&nbsp;&nbsp;&nbsp;&nbsp;&nbsp;&nbsp;&nbsp;&nbsp;&nbsp;&nbsp;&nbsp;&nbsp;1,7 cm \u2013 3,50 cm<br \/>\n<strong>KATLANAB\u0130L\u0130R KUMANDA KOLU<\/strong>.<br \/>\n<strong>A\u011eIRLIK<\/strong>: &nbsp;&nbsp;&nbsp;&nbsp;&nbsp;&nbsp;&nbsp;&nbsp;&nbsp;&nbsp;&nbsp;&nbsp;&nbsp;&nbsp;&nbsp;&nbsp;&nbsp;&nbsp;&nbsp;&nbsp;&nbsp;&nbsp;&nbsp;&nbsp;&nbsp;&nbsp;98 kg.<br \/>\n<strong>\u00d6L\u00c7\u00dcLER<\/strong>: &nbsp;&nbsp;&nbsp;&nbsp;&nbsp;&nbsp;&nbsp;&nbsp;&nbsp;&nbsp;&nbsp;&nbsp;&nbsp;&nbsp;&nbsp;&nbsp;&nbsp;&nbsp;&nbsp;&nbsp;&nbsp;&nbsp;&nbsp;&nbsp;80 x 100 x 110 cm (EXBXY)<\/p>\n<p><strong>OPS\u0130YONEL:<\/strong><\/p>\n<ul>\n<li>Metal tohum haznesi;<\/li>\n<li>Flail b\u0131\u00e7ak;<\/li>\n<li>\u00c7ok ama\u00e7l\u0131 b\u0131\u00e7ak;<\/li>\n<li>Slicer b\u0131\u00e7ak;<\/li>\n<li>Havaland\u0131rma b\u0131\u00e7a\u011f\u0131 a\u011fz\u0131.<\/li>\n<\/ul>\n","protected":false},"featured_media":1210,"comment_status":"open","ping_status":"closed","template":"","meta":{"_links_to":"","_links_to_target":""},"pwb-brand":[103],"product_brand":[],"product_cat":[111],"product_tag":[],"class_list":{"0":"post-1211","1":"product","2":"type-product","3":"status-publish","4":"has-post-thumbnail","6":"pwb-brand-classen","7":"product_cat-cim-bicme-makineleri","9":"first","10":"instock","11":"shipping-taxable","12":"product-type-simple"},"brands":[{"id":103,"name":"Classen","slug":"classen"}],"_links":{"self":[{"href":"https:\/\/bak-tur.com\/home\/wp-json\/wp\/v2\/product\/1211","targetHints":{"allow":["GET"]}}],"collection":[{"href":"https:\/\/bak-tur.com\/home\/wp-json\/wp\/v2\/product"}],"about":[{"href":"https:\/\/bak-tur.com\/home\/wp-json\/wp\/v2\/types\/product"}],"replies":[{"embeddable":true,"href":"https:\/\/bak-tur.com\/home\/wp-json\/wp\/v2\/comments?post=1211"}],"wp:featuredmedia":[{"embeddable":true,"href":"https:\/\/bak-tur.com\/home\/wp-json\/wp\/v2\/media\/1210"}],"wp:attachment":[{"href":"https:\/\/bak-tur.com\/home\/wp-json\/wp\/v2\/media?parent=1211"}],"wp:term":[{"taxonomy":"pwb-brand","embeddable":true,"href":"https:\/\/bak-tur.com\/home\/wp-json\/wp\/v2\/pwb-brand?post=1211"},{"taxonomy":"product_brand","embeddable":true,"href":"https:\/\/bak-tur.com\/home\/wp-json\/wp\/v2\/product_brand?post=1211"},{"taxonomy":"product_cat","embeddable":true,"href":"https:\/\/bak-tur.com\/home\/wp-json\/wp\/v2\/product_cat?post=1211"},{"taxonomy":"product_tag","embeddable":true,"href":"https:\/\/bak-tur.com\/home\/wp-json\/wp\/v2\/product_tag?post=1211"}],"curies":[{"name":"wp","href":"https:\/\/api.w.org\/{rel}","templated":true}]}}