{"id":1682,"date":"2017-10-06T02:48:29","date_gmt":"2017-10-05T23:48:29","guid":{"rendered":"http:\/\/bak-tur.com\/home\/urun\/modelc8-capalama-makinesi\/"},"modified":"2025-02-27T23:46:04","modified_gmt":"2025-02-27T20:46:04","slug":"modelc8-capalama-makinesi","status":"publish","type":"product","link":"https:\/\/bak-tur.com\/home\/product\/modelc8-capalama-makinesi\/","title":{"rendered":"C8 \u00c7apalama Makinesi"},"content":{"rendered":"[ngg_images source=&#8221;galleries&#8221; container_ids=&#8221;27&#8243; display_type=&#8221;photocrati-nextgen_basic_thumbnails&#8221; override_thumbnail_settings=&#8221;0&#8243; thumbnail_width=&#8221;240&#8243; thumbnail_height=&#8221;160&#8243; thumbnail_crop=&#8221;1&#8243; images_per_page=&#8221;20&#8243; number_of_columns=&#8221;0&#8243; ajax_pagination=&#8221;0&#8243; show_all_in_lightbox=&#8221;0&#8243; use_imagebrowser_effect=&#8221;0&#8243; show_slideshow_link=&#8221;1&#8243; slideshow_link_text=&#8221;[Show slideshow]&#8221; order_by=&#8221;sortorder&#8221; order_direction=&#8221;ASC&#8221; returns=&#8221;included&#8221; maximum_entity_count=&#8221;500&#8243;]\n","protected":false},"excerpt":{"rendered":"<p><strong>TEKN\u0130K \u00d6ZELL\u0130KLER<\/strong><\/p>\n<p>MOTOR &nbsp;&nbsp;&nbsp;&nbsp;&nbsp;&nbsp;&nbsp;&nbsp;&nbsp;&nbsp;&nbsp;&nbsp;&nbsp;&nbsp;&nbsp;&nbsp;&nbsp;&nbsp;&nbsp;&nbsp;&nbsp;&nbsp;&nbsp;&nbsp;&nbsp;: 8,4 hp Honda GX270 benzinli motor<br \/>\n<strong>\u00c7ALI\u015eMA GEN\u0130\u015eL\u0130\u011e\u0130<\/strong> &nbsp;&nbsp;&nbsp;: 520 mm<br \/>\n<strong>KES\u0130M DER\u0130NL\u0130\u011e\u0130<\/strong> &nbsp;&nbsp;&nbsp;&nbsp;&nbsp;&nbsp;&nbsp;&nbsp;: 230 mm<br \/>\n<strong>HIZ&nbsp;&nbsp;&nbsp;&nbsp;&nbsp;&nbsp;&nbsp;&nbsp;&nbsp;&nbsp;&nbsp;&nbsp;&nbsp;&nbsp;&nbsp;&nbsp;&nbsp;&nbsp;&nbsp;&nbsp;&nbsp;&nbsp;&nbsp;&nbsp;&nbsp;&nbsp;&nbsp;&nbsp;&nbsp;&nbsp;&nbsp;&nbsp; <\/strong>&nbsp;: 1 ileri 1 Geri<br \/>\n<strong>BI\u00c7AK SAYISI<\/strong> &nbsp;&nbsp;&nbsp;&nbsp;&nbsp;&nbsp;&nbsp;&nbsp;&nbsp;&nbsp;&nbsp;&nbsp;&nbsp;&nbsp;&nbsp;&nbsp;: 16<br \/>\n<strong>LAST\u0130K EBATI<\/strong> &nbsp;&nbsp;&nbsp;&nbsp;&nbsp;&nbsp;&nbsp;&nbsp;&nbsp;&nbsp;&nbsp;&nbsp;&nbsp;&nbsp;&nbsp;: 4.00 x 8<br \/>\n<strong>FARKLI K\u0130L\u0130TLEME<\/strong>&nbsp;&nbsp;&nbsp;&nbsp;&nbsp;&nbsp; : Mevcut de\u011fil<br \/>\n<strong>FREN KOLU<\/strong>&nbsp;&nbsp;&nbsp;&nbsp;&nbsp;&nbsp;&nbsp;&nbsp;&nbsp;&nbsp;&nbsp;&nbsp;&nbsp;&nbsp;&nbsp;&nbsp;&nbsp;&nbsp; : Mevcut de\u011fil<br \/>\n<strong>A\u011eIRLIK&nbsp;&nbsp;&nbsp;&nbsp;&nbsp;&nbsp;&nbsp;&nbsp;&nbsp;&nbsp;&nbsp;&nbsp;&nbsp;&nbsp;&nbsp;&nbsp;&nbsp;&nbsp;&nbsp;&nbsp;&nbsp;&nbsp;&nbsp; <\/strong>&nbsp;: 125 kg<br \/>\n<strong>U x G x Y&nbsp;&nbsp;&nbsp;&nbsp;&nbsp;&nbsp;&nbsp;&nbsp;&nbsp;&nbsp;&nbsp;&nbsp;&nbsp;&nbsp;&nbsp;&nbsp;&nbsp;&nbsp;&nbsp;&nbsp;&nbsp; <\/strong>&nbsp;: 170 x 60 x 90 cm<br \/>\n<strong>GARANT\u0130<\/strong>&nbsp;&nbsp;&nbsp;&nbsp;&nbsp;&nbsp;&nbsp;&nbsp;&nbsp;&nbsp;&nbsp;&nbsp;&nbsp;&nbsp;&nbsp;&nbsp;&nbsp;&nbsp;&nbsp;&nbsp;&nbsp; : 2 Y\u0131l<\/p>\n","protected":false},"featured_media":1916,"comment_status":"open","ping_status":"closed","template":"","meta":{"_links_to":"","_links_to_target":""},"pwb-brand":[108],"product_brand":[],"product_cat":[126],"product_tag":[],"class_list":{"0":"post-1682","1":"product","2":"type-product","3":"status-publish","4":"has-post-thumbnail","6":"pwb-brand-camon","7":"product_cat-cim-havalandirma-makineleri","9":"first","10":"instock","11":"shipping-taxable","12":"product-type-simple"},"brands":[{"id":108,"name":"Camon","slug":"camon"}],"_links":{"self":[{"href":"https:\/\/bak-tur.com\/home\/wp-json\/wp\/v2\/product\/1682","targetHints":{"allow":["GET"]}}],"collection":[{"href":"https:\/\/bak-tur.com\/home\/wp-json\/wp\/v2\/product"}],"about":[{"href":"https:\/\/bak-tur.com\/home\/wp-json\/wp\/v2\/types\/product"}],"replies":[{"embeddable":true,"href":"https:\/\/bak-tur.com\/home\/wp-json\/wp\/v2\/comments?post=1682"}],"wp:featuredmedia":[{"embeddable":true,"href":"https:\/\/bak-tur.com\/home\/wp-json\/wp\/v2\/media\/1916"}],"wp:attachment":[{"href":"https:\/\/bak-tur.com\/home\/wp-json\/wp\/v2\/media?parent=1682"}],"wp:term":[{"taxonomy":"pwb-brand","embeddable":true,"href":"https:\/\/bak-tur.com\/home\/wp-json\/wp\/v2\/pwb-brand?post=1682"},{"taxonomy":"product_brand","embeddable":true,"href":"https:\/\/bak-tur.com\/home\/wp-json\/wp\/v2\/product_brand?post=1682"},{"taxonomy":"product_cat","embeddable":true,"href":"https:\/\/bak-tur.com\/home\/wp-json\/wp\/v2\/product_cat?post=1682"},{"taxonomy":"product_tag","embeddable":true,"href":"https:\/\/bak-tur.com\/home\/wp-json\/wp\/v2\/product_tag?post=1682"}],"curies":[{"name":"wp","href":"https:\/\/api.w.org\/{rel}","templated":true}]}}