{"id":1715,"date":"2017-10-06T13:39:25","date_gmt":"2017-10-06T10:39:25","guid":{"rendered":"http:\/\/bak-tur.com\/home\/?post_type=product&#038;p=1715"},"modified":"2025-04-01T04:48:21","modified_gmt":"2025-04-01T01:48:21","slug":"sc-185-5e-sod-cutter-rulo-cim-kesme-makinesi","status":"publish","type":"product","link":"https:\/\/bak-tur.com\/home\/product\/sc-185-5e-sod-cutter-rulo-cim-kesme-makinesi\/","title":{"rendered":"SC-18\/5.5E SOD Cutter Rulo \u00c7im Kesme Makinesi"},"content":{"rendered":"<p>Classen ; hassas kesim imkanlar\u0131 ile her t\u00fcrl\u00fc ihtiyac\u0131n\u0131z\u0131 kar\u015f\u0131lamay\u0131 ama\u00e7lamaktad\u0131r.Var olan ye\u015fil alanlar\u0131n\u0131z\u0131n yeniden \u00e7imenlendirilmesi,yeni ekim alanlar\u0131n\u0131z\u0131n kurulmas\u0131 yada yeni projeleriniz i\u00e7in ; Classen \u00e7im kal\u0131p kesme makineleri, en ideal ve en do\u011fru se\u00e7iminiz olacakt\u0131r. Alternatifli b\u0131\u00e7ak geni\u015flikleri ve farkl\u0131 a\u00e7\u0131l\u0131 \u00f6n b\u0131\u00e7aklar\u0131, kolay ayarlanabilir b\u0131\u00e7ak derinlik ayar\u0131, manevra kabiliyeti ve anti-titre\u015fim \u00f6zellikleriyle sizlere m\u00fckemmel bir kesim kalitesi sunar.<\/p>\n<p>&nbsp;<\/p>\n","protected":false},"excerpt":{"rendered":"<p><strong>TEKN\u0130K \u00d6ZELL\u0130KLER: <\/strong><\/p>\n<p><strong>MARKA VE MODEL &nbsp;&nbsp;&nbsp;&nbsp;&nbsp;&nbsp;&nbsp;&nbsp;&nbsp;&nbsp;&nbsp;&nbsp;: <\/strong>Classen Sod Cutter<br \/>\n<strong>MOTOR&nbsp;&nbsp;&nbsp;&nbsp;&nbsp;&nbsp;&nbsp;&nbsp;&nbsp;&nbsp;&nbsp;&nbsp;&nbsp;&nbsp;&nbsp;&nbsp;&nbsp;&nbsp;&nbsp;&nbsp;&nbsp;&nbsp;&nbsp;&nbsp;&nbsp;&nbsp;&nbsp;&nbsp;&nbsp;&nbsp;&nbsp; &nbsp;: <\/strong>5,5 hp Honda GX160 benzinli motor<br \/>\n<strong>KES\u0130M GEN\u0130\u015eL\u0130\u011e\u0130 &nbsp;&nbsp;&nbsp;&nbsp;&nbsp;&nbsp;&nbsp;&nbsp;&nbsp;&nbsp;&nbsp;&nbsp;&nbsp;&nbsp;&nbsp;: <\/strong>45 cm<br \/>\n<strong>KES\u0130M DER\u0130NL\u0130\u011e\u0130&nbsp;&nbsp;&nbsp;&nbsp;&nbsp;&nbsp;&nbsp;&nbsp;&nbsp;&nbsp;&nbsp;&nbsp;&nbsp;&nbsp; &nbsp;: <\/strong>6,5 cm<br \/>\n<strong>1.200 VURU\u015e \/ DK.<br \/>\n<\/strong><strong>\u00d6L\u00c7\u00dcLER &nbsp;&nbsp;&nbsp;&nbsp;&nbsp;&nbsp;&nbsp;&nbsp;&nbsp;&nbsp;&nbsp;&nbsp;&nbsp;&nbsp;&nbsp;&nbsp;&nbsp;&nbsp;&nbsp;&nbsp;&nbsp;&nbsp;&nbsp;&nbsp;&nbsp;&nbsp;&nbsp;&nbsp;: <\/strong>60 x 135 x 85 cm (ExBxY)<br \/>\n<strong>A\u011eIRLIK&nbsp;&nbsp;&nbsp;&nbsp;&nbsp;&nbsp;&nbsp;&nbsp;&nbsp;&nbsp;&nbsp;&nbsp;&nbsp;&nbsp;&nbsp;&nbsp;&nbsp;&nbsp;&nbsp;&nbsp;&nbsp;&nbsp;&nbsp;&nbsp;&nbsp;&nbsp;&nbsp;&nbsp;&nbsp; &nbsp;: <\/strong>136 kg<\/p>\n","protected":false},"featured_media":1716,"comment_status":"open","ping_status":"closed","template":"","meta":{"_links_to":"","_links_to_target":""},"pwb-brand":[103],"product_brand":[],"product_cat":[120],"product_tag":[],"class_list":{"0":"post-1715","1":"product","2":"type-product","3":"status-publish","4":"has-post-thumbnail","6":"pwb-brand-classen","7":"product_cat-rulo-cim-kesme-makineleri","9":"first","10":"instock","11":"shipping-taxable","12":"product-type-simple"},"brands":[{"id":103,"name":"Classen","slug":"classen"}],"_links":{"self":[{"href":"https:\/\/bak-tur.com\/home\/wp-json\/wp\/v2\/product\/1715","targetHints":{"allow":["GET"]}}],"collection":[{"href":"https:\/\/bak-tur.com\/home\/wp-json\/wp\/v2\/product"}],"about":[{"href":"https:\/\/bak-tur.com\/home\/wp-json\/wp\/v2\/types\/product"}],"replies":[{"embeddable":true,"href":"https:\/\/bak-tur.com\/home\/wp-json\/wp\/v2\/comments?post=1715"}],"wp:featuredmedia":[{"embeddable":true,"href":"https:\/\/bak-tur.com\/home\/wp-json\/wp\/v2\/media\/1716"}],"wp:attachment":[{"href":"https:\/\/bak-tur.com\/home\/wp-json\/wp\/v2\/media?parent=1715"}],"wp:term":[{"taxonomy":"pwb-brand","embeddable":true,"href":"https:\/\/bak-tur.com\/home\/wp-json\/wp\/v2\/pwb-brand?post=1715"},{"taxonomy":"product_brand","embeddable":true,"href":"https:\/\/bak-tur.com\/home\/wp-json\/wp\/v2\/product_brand?post=1715"},{"taxonomy":"product_cat","embeddable":true,"href":"https:\/\/bak-tur.com\/home\/wp-json\/wp\/v2\/product_cat?post=1715"},{"taxonomy":"product_tag","embeddable":true,"href":"https:\/\/bak-tur.com\/home\/wp-json\/wp\/v2\/product_tag?post=1715"}],"curies":[{"name":"wp","href":"https:\/\/api.w.org\/{rel}","templated":true}]}}