{"id":1946,"date":"2017-10-11T15:08:49","date_gmt":"2017-10-11T12:08:49","guid":{"rendered":"http:\/\/bak-tur.com\/home\/?post_type=product&#038;p=1946"},"modified":"2022-08-04T09:49:04","modified_gmt":"2022-08-04T06:49:04","slug":"power-maxhd-10280-oxe-38824-kar-puskurtme-makinasi","status":"publish","type":"product","link":"https:\/\/bak-tur.com\/home\/product\/power-maxhd-10280-oxe-38824-kar-puskurtme-makinasi\/","title":{"rendered":"Power Max\u00aeHD 10280 OXE (38824) Kar P\u00fcsk\u00fcrtme Makinas\u0131"},"content":{"rendered":"","protected":false},"excerpt":{"rendered":"<p><strong>TEKN\u0130K \u00d6ZELL\u0130KLER\u0130<\/strong><\/p>\n<p>MOTOR&nbsp;&nbsp;&nbsp;&nbsp;&nbsp;&nbsp;&nbsp;&nbsp;&nbsp;&nbsp;&nbsp;&nbsp;&nbsp;&nbsp;&nbsp;&nbsp;&nbsp;&nbsp;&nbsp;&nbsp;&nbsp;&nbsp;&nbsp;&nbsp;&nbsp;&nbsp;&nbsp;&nbsp;&nbsp;&nbsp;&nbsp;&nbsp;&nbsp;&nbsp;&nbsp;&nbsp;&nbsp;&nbsp; : 302 cc Toro OHV 4 Zamanl\u0131<br \/>\n<strong>KAPAS\u0130TE\/DAK\u0130KA&nbsp;&nbsp;&nbsp;&nbsp;&nbsp;&nbsp;&nbsp;&nbsp;&nbsp;&nbsp;&nbsp;&nbsp;&nbsp;&nbsp;&nbsp;&nbsp;&nbsp;&nbsp; : <\/strong>955 kg P\u00fcsk\u00fcrtme Kapasitesi<br \/>\n<strong>P\u00dcSK\u00dcRTME MESAFES\u0130&nbsp;&nbsp;&nbsp;&nbsp;&nbsp;&nbsp;&nbsp;&nbsp;&nbsp; : <\/strong>13,5m<br \/>\n<strong>TEM\u0130ZLEME GEN\u0130\u015eL\u0130\u011e\u0130&nbsp;&nbsp;&nbsp;&nbsp;&nbsp;&nbsp;&nbsp;&nbsp;&nbsp;&nbsp;&nbsp; : <\/strong>71 cm<br \/>\n<strong>HIZ&nbsp;&nbsp;&nbsp;&nbsp;&nbsp;&nbsp;&nbsp;&nbsp;&nbsp;&nbsp;&nbsp;&nbsp;&nbsp;&nbsp;&nbsp;&nbsp;&nbsp;&nbsp;&nbsp;&nbsp;&nbsp;&nbsp;&nbsp;&nbsp;&nbsp;&nbsp;&nbsp;&nbsp;&nbsp;&nbsp;&nbsp;&nbsp;&nbsp;&nbsp;&nbsp;&nbsp;&nbsp;&nbsp;&nbsp;&nbsp;&nbsp;&nbsp;&nbsp;&nbsp;&nbsp; : <\/strong>6 ileri,2 Geri<br \/>\n<strong>KAR KES\u0130M DER\u0130NL\u0130\u011e\u0130&nbsp;&nbsp;&nbsp;&nbsp;&nbsp;&nbsp;&nbsp;&nbsp;&nbsp;&nbsp;&nbsp; : <\/strong>55 cm<br \/>\n<strong>DELME \u00c7API&nbsp;&nbsp;&nbsp;&nbsp;&nbsp;&nbsp;&nbsp;&nbsp;&nbsp;&nbsp;&nbsp;&nbsp;&nbsp;&nbsp;&nbsp;&nbsp;&nbsp;&nbsp;&nbsp;&nbsp;&nbsp;&nbsp;&nbsp;&nbsp;&nbsp;&nbsp;&nbsp;&nbsp; : <\/strong>36 cm<br \/>\n<strong>MANEVRA KOLU&nbsp;&nbsp;&nbsp;&nbsp;&nbsp;&nbsp;&nbsp;&nbsp;&nbsp;&nbsp;&nbsp;&nbsp;&nbsp;&nbsp;&nbsp;&nbsp;&nbsp;&nbsp;&nbsp;&nbsp; : <\/strong>Y\u00fcksek manevra kabiliyetli joystick<br \/>\n<strong>BENZ\u0130N KAPAS\u0130TES\u0130 &nbsp;&nbsp;&nbsp;&nbsp;&nbsp;&nbsp;&nbsp;&nbsp;&nbsp;&nbsp;&nbsp;&nbsp;&nbsp;&nbsp;: <\/strong>3,2 Litre<br \/>\n<strong>LAST\u0130KLER <\/strong>&nbsp;&nbsp;&nbsp;&nbsp;&nbsp;&nbsp;&nbsp;&nbsp;&nbsp;&nbsp;&nbsp;&nbsp;&nbsp;&nbsp;&nbsp;&nbsp;&nbsp;&nbsp;&nbsp;&nbsp;&nbsp;&nbsp;&nbsp;&nbsp;&nbsp;&nbsp;&nbsp;&nbsp;&nbsp;&nbsp;&nbsp;: 41 cm<br \/>\n<strong>A\u011eIRLIK <\/strong>&nbsp;&nbsp;&nbsp;&nbsp;&nbsp;&nbsp;&nbsp;&nbsp;&nbsp;&nbsp;&nbsp;&nbsp;&nbsp;&nbsp;&nbsp;&nbsp;&nbsp;&nbsp;&nbsp;&nbsp;&nbsp;&nbsp;&nbsp;&nbsp;&nbsp;&nbsp;&nbsp;&nbsp;&nbsp;&nbsp;&nbsp;&nbsp;&nbsp;&nbsp;&nbsp;: 121kg<\/p>\n","protected":false},"featured_media":1947,"comment_status":"open","ping_status":"closed","template":"","meta":{"_links_to":"","_links_to_target":""},"pwb-brand":[110],"product_brand":[],"product_cat":[125],"product_tag":[],"class_list":{"0":"post-1946","1":"product","2":"type-product","3":"status-publish","4":"has-post-thumbnail","6":"pwb-brand-toro","7":"product_cat-kar-kureme-makineleri","9":"first","10":"instock","11":"shipping-taxable","12":"product-type-simple"},"brands":[{"id":110,"name":"Toro","slug":"toro"}],"_links":{"self":[{"href":"https:\/\/bak-tur.com\/home\/wp-json\/wp\/v2\/product\/1946","targetHints":{"allow":["GET"]}}],"collection":[{"href":"https:\/\/bak-tur.com\/home\/wp-json\/wp\/v2\/product"}],"about":[{"href":"https:\/\/bak-tur.com\/home\/wp-json\/wp\/v2\/types\/product"}],"replies":[{"embeddable":true,"href":"https:\/\/bak-tur.com\/home\/wp-json\/wp\/v2\/comments?post=1946"}],"wp:featuredmedia":[{"embeddable":true,"href":"https:\/\/bak-tur.com\/home\/wp-json\/wp\/v2\/media\/1947"}],"wp:attachment":[{"href":"https:\/\/bak-tur.com\/home\/wp-json\/wp\/v2\/media?parent=1946"}],"wp:term":[{"taxonomy":"pwb-brand","embeddable":true,"href":"https:\/\/bak-tur.com\/home\/wp-json\/wp\/v2\/pwb-brand?post=1946"},{"taxonomy":"product_brand","embeddable":true,"href":"https:\/\/bak-tur.com\/home\/wp-json\/wp\/v2\/product_brand?post=1946"},{"taxonomy":"product_cat","embeddable":true,"href":"https:\/\/bak-tur.com\/home\/wp-json\/wp\/v2\/product_cat?post=1946"},{"taxonomy":"product_tag","embeddable":true,"href":"https:\/\/bak-tur.com\/home\/wp-json\/wp\/v2\/product_tag?post=1946"}],"curies":[{"name":"wp","href":"https:\/\/api.w.org\/{rel}","templated":true}]}}