{"id":1961,"date":"2018-01-20T02:55:59","date_gmt":"2018-01-19T23:55:59","guid":{"rendered":"http:\/\/bak-tur.com\/home\/?post_type=product&#038;p=1961"},"modified":"2025-02-28T15:36:14","modified_gmt":"2025-02-28T12:36:14","slug":"itmeli-tip-gubretuz-atma-makinesi","status":"publish","type":"product","link":"https:\/\/bak-tur.com\/home\/product\/itmeli-tip-gubretuz-atma-makinesi\/","title":{"rendered":"\u0130tmeli Tip G\u00fcbre\/Tuz Atma Makinesi"},"content":{"rendered":"","protected":false},"excerpt":{"rendered":"<p><strong>\u00d6zellikleri<\/strong><br \/>\n<strong>\u015ease<\/strong>: F\u0131r\u0131n boyal\u0131<br \/>\n<strong>Hazne kapasitesi:<\/strong> 36 kg<br \/>\n<strong>Ta\u015f\u0131ma kapasitesi:<\/strong> 45 kg<br \/>\n3 Delikli Damla Kapatma Sistemi ve a\u011f\u0131r hizmet tipi di\u015fli kutusu<br \/>\nParmak ucu oran\u0131 kontrol\u00fc.<br \/>\nLastikler: 25cm pn\u00f6matik pim tipi<br \/>\n<strong>\u015easi:<\/strong> Epoksi kapl\u0131<br \/>\n<strong>\u015eanz\u0131man:<\/strong> A\u011f\u0131r hizmet tipi Y\u00fcksek H\u0131zl\u0131<br \/>\n<strong>\u00c7al\u0131\u015fma geni\u015fli\u011fi:<\/strong> 122-366 cm<br \/>\nA\u00e7ma &#8211; Kapama kolu<br \/>\n<strong>Makine a\u011f\u0131rl\u0131\u011f\u0131:<\/strong> 8,6 kg<\/p>\n<p><strong>[embedyt] https:\/\/www.youtube.com\/watch?v=cOeHVh8H5Dc[\/embedyt]<\/strong><\/p>\n","protected":false},"featured_media":1963,"comment_status":"open","ping_status":"closed","template":"","meta":{"_links_to":"","_links_to_target":""},"pwb-brand":[142],"product_brand":[],"product_cat":[143],"product_tag":[],"class_list":{"0":"post-1961","1":"product","2":"type-product","3":"status-publish","4":"has-post-thumbnail","6":"pwb-brand-earthway","7":"product_cat-itmeli-tip-gubre-tuz-atma-makinesi","9":"first","10":"instock","11":"shipping-taxable","12":"product-type-simple"},"brands":[{"id":142,"name":"EarthWay","slug":"earthway"}],"_links":{"self":[{"href":"https:\/\/bak-tur.com\/home\/wp-json\/wp\/v2\/product\/1961","targetHints":{"allow":["GET"]}}],"collection":[{"href":"https:\/\/bak-tur.com\/home\/wp-json\/wp\/v2\/product"}],"about":[{"href":"https:\/\/bak-tur.com\/home\/wp-json\/wp\/v2\/types\/product"}],"replies":[{"embeddable":true,"href":"https:\/\/bak-tur.com\/home\/wp-json\/wp\/v2\/comments?post=1961"}],"wp:featuredmedia":[{"embeddable":true,"href":"https:\/\/bak-tur.com\/home\/wp-json\/wp\/v2\/media\/1963"}],"wp:attachment":[{"href":"https:\/\/bak-tur.com\/home\/wp-json\/wp\/v2\/media?parent=1961"}],"wp:term":[{"taxonomy":"pwb-brand","embeddable":true,"href":"https:\/\/bak-tur.com\/home\/wp-json\/wp\/v2\/pwb-brand?post=1961"},{"taxonomy":"product_brand","embeddable":true,"href":"https:\/\/bak-tur.com\/home\/wp-json\/wp\/v2\/product_brand?post=1961"},{"taxonomy":"product_cat","embeddable":true,"href":"https:\/\/bak-tur.com\/home\/wp-json\/wp\/v2\/product_cat?post=1961"},{"taxonomy":"product_tag","embeddable":true,"href":"https:\/\/bak-tur.com\/home\/wp-json\/wp\/v2\/product_tag?post=1961"}],"curies":[{"name":"wp","href":"https:\/\/api.w.org\/{rel}","templated":true}]}}