{"id":1973,"date":"2018-01-20T03:40:51","date_gmt":"2018-01-20T00:40:51","guid":{"rendered":"http:\/\/bak-tur.com\/home\/?post_type=product&#038;p=1973"},"modified":"2025-02-28T22:42:59","modified_gmt":"2025-02-28T19:42:59","slug":"profesyonel-tip-itmeli-gubre-tuz-atma-makinesi","status":"publish","type":"product","link":"https:\/\/bak-tur.com\/home\/product\/profesyonel-tip-itmeli-gubre-tuz-atma-makinesi\/","title":{"rendered":"Profesyonel Tip \u0130tmeli G\u00fcbre \/ Tuz Atma Makinesi"},"content":{"rendered":"","protected":false},"excerpt":{"rendered":"<p><strong>Hazne kapasitesi:<\/strong> 80 litre \/ 50kg<br \/>\n<strong>EV-N-SPRED &#8211; Profesyonel \u00c7ift ba\u011flant\u0131 noktal\u0131 de\u011fi\u015ftirelebilir tepsi, dahildir.<br \/>\n<\/strong>\u0130ste\u011fe Ba\u011fl\u0131 Standart \u00c7\u0131k\u0131\u015fl\u0131 PRO, Y\u00fcksek \u00c7\u0131k\u0131\u015fl\u0131 veya D\u00fc\u015f\u00fck \u00c7\u0131k\u0131\u015fl\u0131 Tepsiler<br \/>\n<strong>\u015eanz\u0131man<\/strong>: A\u011f\u0131r hizmet tipi<br \/>\n<strong>Ta\u015f\u0131ma kapasitesi:<\/strong> 113kg<br \/>\n<strong>Lastikler<\/strong>: Paslanmaz polimerik jantlarda 33 cm \u00e7apl\u0131 \u00e7im lastikleri<br \/>\n<strong>\u015ease<\/strong>: \u00c7ift borulu Profesyonel paslanmaz \u00e7elik<br \/>\n<strong>Kolay kontrol i\u00e7in ergonomik \u00fcst tutma yeri<br \/>\n<\/strong><strong>\u00c7al\u0131\u015fma geni\u015fli\u011fi<\/strong>: 122 &#8211; 366 cm<br \/>\n<strong>Kol<\/strong>: \u0130ki y\u00fckseklik ayarlanabilir<br \/>\n<strong>Dane ayar sistemi<br \/>\n<\/strong><strong>Makine a\u011f\u0131rl\u0131\u011f\u0131<\/strong>: 12,7 kg<\/p>\n","protected":false},"featured_media":1972,"comment_status":"open","ping_status":"closed","template":"","meta":{"_links_to":"","_links_to_target":""},"pwb-brand":[142],"product_brand":[],"product_cat":[144],"product_tag":[],"class_list":{"0":"post-1973","1":"product","2":"type-product","3":"status-publish","4":"has-post-thumbnail","6":"pwb-brand-earthway","7":"product_cat-profesyonel-tip-itmeli-gubre-tuz-atma-makinesi","9":"first","10":"instock","11":"shipping-taxable","12":"product-type-simple"},"brands":[{"id":142,"name":"EarthWay","slug":"earthway"}],"_links":{"self":[{"href":"https:\/\/bak-tur.com\/home\/wp-json\/wp\/v2\/product\/1973","targetHints":{"allow":["GET"]}}],"collection":[{"href":"https:\/\/bak-tur.com\/home\/wp-json\/wp\/v2\/product"}],"about":[{"href":"https:\/\/bak-tur.com\/home\/wp-json\/wp\/v2\/types\/product"}],"replies":[{"embeddable":true,"href":"https:\/\/bak-tur.com\/home\/wp-json\/wp\/v2\/comments?post=1973"}],"wp:featuredmedia":[{"embeddable":true,"href":"https:\/\/bak-tur.com\/home\/wp-json\/wp\/v2\/media\/1972"}],"wp:attachment":[{"href":"https:\/\/bak-tur.com\/home\/wp-json\/wp\/v2\/media?parent=1973"}],"wp:term":[{"taxonomy":"pwb-brand","embeddable":true,"href":"https:\/\/bak-tur.com\/home\/wp-json\/wp\/v2\/pwb-brand?post=1973"},{"taxonomy":"product_brand","embeddable":true,"href":"https:\/\/bak-tur.com\/home\/wp-json\/wp\/v2\/product_brand?post=1973"},{"taxonomy":"product_cat","embeddable":true,"href":"https:\/\/bak-tur.com\/home\/wp-json\/wp\/v2\/product_cat?post=1973"},{"taxonomy":"product_tag","embeddable":true,"href":"https:\/\/bak-tur.com\/home\/wp-json\/wp\/v2\/product_tag?post=1973"}],"curies":[{"name":"wp","href":"https:\/\/api.w.org\/{rel}","templated":true}]}}