{"id":2021,"date":"2018-12-06T11:54:41","date_gmt":"2018-12-06T08:54:41","guid":{"rendered":"http:\/\/bak-tur.com\/home\/?post_type=product&#038;p=2021"},"modified":"2025-02-28T00:11:05","modified_gmt":"2025-02-27T21:11:05","slug":"pro_vas_si_vacuum","status":"publish","type":"product","link":"https:\/\/bak-tur.com\/home\/product\/pro_vas_si_vacuum\/","title":{"rendered":"Pro Vac SI Outdoor Vacuum"},"content":{"rendered":"<iframe loading=\"lazy\"  id=\"_ytid_86690\"  width=\"480\" height=\"270\"  data-origwidth=\"480\" data-origheight=\"270\" src=\"https:\/\/www.youtube.com\/embed\/neRvwusSQvs?enablejsapi=1&autoplay=0&cc_load_policy=0&cc_lang_pref=&iv_load_policy=1&loop=0&rel=1&fs=1&playsinline=0&autohide=2&theme=dark&color=red&controls=1&\" class=\"__youtube_prefs__  no-lazyload\" title=\"YouTube player\"  allow=\"fullscreen; accelerometer; autoplay; clipboard-write; encrypted-media; gyroscope; picture-in-picture\" allowfullscreen data-no-lazy=\"1\" data-skipgform_ajax_framebjll=\"\"><\/iframe>\n","protected":false},"excerpt":{"rendered":"<table width=\"694\">\n<tbody>\n<tr>\n<td width=\"151\">&nbsp;<\/td>\n<td colspan=\"2\" width=\"543\">PRO VAC SI VACUUM<\/td>\n<\/tr>\n<tr>\n<td>Model<\/td>\n<td>Model<\/td>\n<td>Model<\/td>\n<\/tr>\n<tr>\n<td>Motor<\/td>\n<td>Honda\u00ae GSV190<\/td>\n<td>Briggs &amp; Stratton\u00ae Professional Series&#x2122; 850<\/td>\n<\/tr>\n<tr>\n<td>Motor Hacmi<\/td>\n<td>187cc<\/td>\n<td>190cc<\/td>\n<\/tr>\n<tr>\n<td>Yak\u0131t Deposu<\/td>\n<td>1 litre<\/td>\n<td>1 litre<\/td>\n<\/tr>\n<tr>\n<td>\u00c7ark<\/td>\n<td>30,48 cm \u00e7ark., 5 b\u0131\u00e7ak, 1\/4&#8243;kal\u0131nl\u0131k<\/td>\n<td>30,48cm \u00e7ark., 5 b\u0131\u00e7ak, 1\/4&#8243; kal\u0131nl\u0131k<\/td>\n<\/tr>\n<tr>\n<td>B\u0131\u00e7ak tasar\u0131m\u0131<\/td>\n<td>T\u0131rt\u0131kl\u0131 \u00e7elik di\u015fler<\/td>\n<td>T\u0131rt\u0131kl\u0131 \u00e7elik di\u015fler<\/td>\n<\/tr>\n<tr>\n<td>Sepet kapasitesi<\/td>\n<td>151 litre<\/td>\n<td>151 litre<\/td>\n<\/tr>\n<tr>\n<td>Tekerlekler<\/td>\n<td>30,48 cm rubber tread cap wheels<\/td>\n<td>30,48cm rubber tread cap wheels<\/td>\n<\/tr>\n<tr>\n<td>Ebat<\/td>\n<td>146cm x 69cm x 110,5cm (UxGxY)<\/td>\n<td>146cm x 69cm x 110,5cm (UxGxY)<\/td>\n<\/tr>\n<tr>\n<td>A\u011f\u0131rl\u0131k<\/td>\n<td>66 kg<\/td>\n<td>66 kg<\/td>\n<\/tr>\n<tr>\n<td>Garanti<\/td>\n<td>2- y\u0131l<\/td>\n<td>2- y\u0131l<\/td>\n<\/tr>\n<\/tbody>\n<\/table>\n","protected":false},"featured_media":2023,"comment_status":"open","ping_status":"closed","template":"","meta":{"_links_to":"","_links_to_target":""},"pwb-brand":[146],"product_brand":[],"product_cat":[122],"product_tag":[],"class_list":{"0":"post-2021","1":"product","2":"type-product","3":"status-publish","4":"has-post-thumbnail","6":"pwb-brand-littlewonder","7":"product_cat-vakumlu-yaprak-toplama","9":"first","10":"instock","11":"shipping-taxable","12":"product-type-simple"},"brands":[{"id":146,"name":"Little Wonder","slug":"littlewonder"}],"_links":{"self":[{"href":"https:\/\/bak-tur.com\/home\/wp-json\/wp\/v2\/product\/2021","targetHints":{"allow":["GET"]}}],"collection":[{"href":"https:\/\/bak-tur.com\/home\/wp-json\/wp\/v2\/product"}],"about":[{"href":"https:\/\/bak-tur.com\/home\/wp-json\/wp\/v2\/types\/product"}],"replies":[{"embeddable":true,"href":"https:\/\/bak-tur.com\/home\/wp-json\/wp\/v2\/comments?post=2021"}],"wp:featuredmedia":[{"embeddable":true,"href":"https:\/\/bak-tur.com\/home\/wp-json\/wp\/v2\/media\/2023"}],"wp:attachment":[{"href":"https:\/\/bak-tur.com\/home\/wp-json\/wp\/v2\/media?parent=2021"}],"wp:term":[{"taxonomy":"pwb-brand","embeddable":true,"href":"https:\/\/bak-tur.com\/home\/wp-json\/wp\/v2\/pwb-brand?post=2021"},{"taxonomy":"product_brand","embeddable":true,"href":"https:\/\/bak-tur.com\/home\/wp-json\/wp\/v2\/product_brand?post=2021"},{"taxonomy":"product_cat","embeddable":true,"href":"https:\/\/bak-tur.com\/home\/wp-json\/wp\/v2\/product_cat?post=2021"},{"taxonomy":"product_tag","embeddable":true,"href":"https:\/\/bak-tur.com\/home\/wp-json\/wp\/v2\/product_tag?post=2021"}],"curies":[{"name":"wp","href":"https:\/\/api.w.org\/{rel}","templated":true}]}}