{"id":2024,"date":"2018-12-06T14:03:19","date_gmt":"2018-12-06T11:03:19","guid":{"rendered":"http:\/\/bak-tur.com\/home\/?post_type=product&#038;p=2024"},"modified":"2025-02-27T23:56:00","modified_gmt":"2025-02-27T20:56:00","slug":"pro-vac-sp-outdoor-vacuum","status":"publish","type":"product","link":"https:\/\/bak-tur.com\/home\/product\/pro-vac-sp-outdoor-vacuum\/","title":{"rendered":"Pro Vac SP Vacuum"},"content":{"rendered":"<iframe loading=\"lazy\"  id=\"_ytid_41343\"  width=\"480\" height=\"270\"  data-origwidth=\"480\" data-origheight=\"270\" src=\"https:\/\/www.youtube.com\/embed\/zTyXU0xeADs?enablejsapi=1&autoplay=0&cc_load_policy=0&cc_lang_pref=&iv_load_policy=1&loop=0&rel=1&fs=1&playsinline=0&autohide=2&theme=dark&color=red&controls=1&\" class=\"__youtube_prefs__  no-lazyload\" title=\"YouTube player\"  allow=\"fullscreen; accelerometer; autoplay; clipboard-write; encrypted-media; gyroscope; picture-in-picture\" allowfullscreen data-no-lazy=\"1\" data-skipgform_ajax_framebjll=\"\"><\/iframe>\n","protected":false},"excerpt":{"rendered":"<table width=\"103%\">\n<tbody>\n<tr>\n<td>\n<p><strong>Motor<\/strong><\/p>\n<\/td>\n<td>\n<p>GX270 Honda\u00ae<\/p>\n<\/td>\n<\/tr>\n<tr>\n<td>\n<p><strong>Motor Hacmi<\/strong><\/p>\n<\/td>\n<td>\n<p>270cc \/ 9hp<\/p>\n<\/td>\n<\/tr>\n<tr>\n<td>\n<p><strong>Yak\u0131t deposu<\/strong><\/p>\n<\/td>\n<td>\n<p>6 Litre<\/p>\n<\/td>\n<\/tr>\n<tr>\n<td>\n<p><strong>Sepet kapasitesi<\/strong><\/p>\n<\/td>\n<td>\n<p>&nbsp;290 kg<\/p>\n<\/td>\n<\/tr>\n<tr>\n<td>\n<p><strong>B\u0131\u00e7ak tasar\u0131m\u0131<\/strong><\/p>\n<\/td>\n<td>\n<p>Verimli par\u00e7alama<\/p>\n<\/td>\n<\/tr>\n<tr>\n<td>\n<p><strong>\u00c7ark<\/strong><\/p>\n<\/td>\n<td>\n<p>42,54 cm \u00e7ark, 5 b\u0131\u00e7ak 1\/4&#8243; kal\u0131nl\u0131k<\/p>\n<\/td>\n<\/tr>\n<tr>\n<td>\n<p><strong>\u015eanz\u0131man<\/strong><\/p>\n<\/td>\n<td>\n<p>Hydrostatik, Hydro-Gear\u00ae T2<\/p>\n<\/td>\n<\/tr>\n<tr>\n<td>\n<p><strong>Arka tekerlekleri<\/strong><\/p>\n<\/td>\n<td>\n<p>33cm \u00e7im lastik<\/p>\n<\/td>\n<\/tr>\n<tr>\n<td>\n<p><strong>\u00d6n tekerlekler<\/strong><\/p>\n<\/td>\n<td>\n<p>Standard a\u011f\u0131r i\u015f tekerlekleri<\/p>\n<\/td>\n<\/tr>\n<tr>\n<td>\n<p><strong>A\u011f\u0131rl\u0131k<\/strong><\/p>\n<\/td>\n<td>\n<p>127 kg<\/p>\n<\/td>\n<\/tr>\n<tr>\n<td>\n<p><strong>Uzunluk<\/strong><\/p>\n<\/td>\n<td>\n<p>183 cm<\/p>\n<\/td>\n<\/tr>\n<tr>\n<td>\n<p><strong>Geni\u015fik<\/strong><\/p>\n<\/td>\n<td>\n<p>74 cm<\/p>\n<\/td>\n<\/tr>\n<tr>\n<td>\n<p><strong>Y\u00fckseklik<\/strong><\/p>\n<\/td>\n<td>\n<p>102 cm<\/p>\n<\/td>\n<\/tr>\n<tr>\n<td>\n<p><strong>Garanti<\/strong><\/p>\n<\/td>\n<td>\n<p>2 sene<\/p>\n<\/td>\n<\/tr>\n<\/tbody>\n<\/table>\n","protected":false},"featured_media":2025,"comment_status":"open","ping_status":"closed","template":"","meta":{"_links_to":"","_links_to_target":""},"pwb-brand":[146],"product_brand":[],"product_cat":[122],"product_tag":[],"class_list":{"0":"post-2024","1":"product","2":"type-product","3":"status-publish","4":"has-post-thumbnail","6":"pwb-brand-littlewonder","7":"product_cat-vakumlu-yaprak-toplama","9":"first","10":"instock","11":"shipping-taxable","12":"product-type-simple"},"brands":[{"id":146,"name":"Little Wonder","slug":"littlewonder"}],"_links":{"self":[{"href":"https:\/\/bak-tur.com\/home\/wp-json\/wp\/v2\/product\/2024","targetHints":{"allow":["GET"]}}],"collection":[{"href":"https:\/\/bak-tur.com\/home\/wp-json\/wp\/v2\/product"}],"about":[{"href":"https:\/\/bak-tur.com\/home\/wp-json\/wp\/v2\/types\/product"}],"replies":[{"embeddable":true,"href":"https:\/\/bak-tur.com\/home\/wp-json\/wp\/v2\/comments?post=2024"}],"wp:featuredmedia":[{"embeddable":true,"href":"https:\/\/bak-tur.com\/home\/wp-json\/wp\/v2\/media\/2025"}],"wp:attachment":[{"href":"https:\/\/bak-tur.com\/home\/wp-json\/wp\/v2\/media?parent=2024"}],"wp:term":[{"taxonomy":"pwb-brand","embeddable":true,"href":"https:\/\/bak-tur.com\/home\/wp-json\/wp\/v2\/pwb-brand?post=2024"},{"taxonomy":"product_brand","embeddable":true,"href":"https:\/\/bak-tur.com\/home\/wp-json\/wp\/v2\/product_brand?post=2024"},{"taxonomy":"product_cat","embeddable":true,"href":"https:\/\/bak-tur.com\/home\/wp-json\/wp\/v2\/product_cat?post=2024"},{"taxonomy":"product_tag","embeddable":true,"href":"https:\/\/bak-tur.com\/home\/wp-json\/wp\/v2\/product_tag?post=2024"}],"curies":[{"name":"wp","href":"https:\/\/api.w.org\/{rel}","templated":true}]}}